{"id":6484,"date":"2021-03-18T12:53:16","date_gmt":"2021-03-18T11:53:16","guid":{"rendered":"https:\/\/www.sportortho-wien.at\/imprint\/"},"modified":"2025-04-03T11:09:30","modified_gmt":"2025-04-03T10:09:30","slug":"imprint","status":"publish","type":"page","link":"https:\/\/www.sportortho-wien.at\/en\/imprint\/","title":{"rendered":"Imprint"},"content":{"rendered":"\t\t<div data-elementor-type=\"wp-page\" data-elementor-id=\"6484\" class=\"elementor elementor-6484 elementor-205\" data-elementor-post-type=\"page\">\n\t\t\t\t\t\t<section class=\"has_eae_slider elementor-section elementor-top-section elementor-element elementor-element-fdb469f animated-slow elementor-section-boxed elementor-section-height-default elementor-section-height-default elementor-invisible\" data-eae-slider=\"76163\" data-id=\"fdb469f\" data-element_type=\"section\" data-e-type=\"section\" data-settings=\"{&quot;animation&quot;:&quot;fadeInUp&quot;}\">\n\t\t\t\t\t\t<div class=\"elementor-container elementor-column-gap-default\">\n\t\t\t\t\t<div class=\"has_eae_slider elementor-column elementor-col-100 elementor-top-column elementor-element elementor-element-3fb67b2\" data-eae-slider=\"58760\" data-id=\"3fb67b2\" data-element_type=\"column\" data-e-type=\"column\">\n\t\t\t<div class=\"elementor-widget-wrap elementor-element-populated\">\n\t\t\t\t\t\t<div class=\"elementor-element elementor-element-f659526 elementor-widget elementor-widget-heading\" data-id=\"f659526\" data-element_type=\"widget\" data-e-type=\"widget\" data-widget_type=\"heading.default\">\n\t\t\t\t\t<h1 class=\"elementor-heading-title elementor-size-default\">Imprint<\/h1>\t\t\t\t<\/div>\n\t\t\t\t<div class=\"elementor-element elementor-element-c342421 elementor-widget elementor-widget-heading\" data-id=\"c342421\" data-element_type=\"widget\" data-e-type=\"widget\" data-widget_type=\"heading.default\">\n\t\t\t\t\t<h3 class=\"elementor-heading-title elementor-size-default\">Dr. Gustav Timmel<\/h3>\t\t\t\t<\/div>\n\t\t\t\t\t<\/div>\n\t\t<\/div>\n\t\t\t\t\t<\/div>\n\t\t<\/section>\n\t\t\t\t<section class=\"has_eae_slider elementor-section elementor-top-section elementor-element elementor-element-0abb1fc animated-slow elementor-section-boxed elementor-section-height-default elementor-section-height-default elementor-invisible\" data-eae-slider=\"20941\" data-id=\"0abb1fc\" data-element_type=\"section\" data-e-type=\"section\" data-settings=\"{&quot;animation&quot;:&quot;fadeInUp&quot;}\">\n\t\t\t\t\t\t<div class=\"elementor-container elementor-column-gap-default\">\n\t\t\t\t\t<div class=\"has_eae_slider elementor-column elementor-col-100 elementor-top-column elementor-element elementor-element-73c8aa6\" data-eae-slider=\"86459\" data-id=\"73c8aa6\" data-element_type=\"column\" data-e-type=\"column\">\n\t\t\t<div class=\"elementor-widget-wrap elementor-element-populated\">\n\t\t\t\t\t\t<div class=\"elementor-element elementor-element-09bd855 elementor-widget elementor-widget-text-editor\" data-id=\"09bd855\" data-element_type=\"widget\" data-e-type=\"widget\" data-widget_type=\"text-editor.default\">\n\t\t\t\t\t\t\t\t\t<p><b>Dr. Gustav Timmel<\/b><br>Invalidenstra\u00dfe 11\/2a, 1030 Vienna<\/p><p>E-mail: <a href=\"mailto:ordination@sportortho-wien.at\">ordination@sportortho-wien.at<\/a><br>Tel: <a href=\"tel:+4369919568688\">0699 19568688<\/a><\/p><p><strong>Elective doctor for orthopaedics &amp; traumatology<\/strong><br>Specializes in sports injuries, arthroscopy, prosthetics<br>Head of the sports outpatient clinic<\/p>\t\t\t\t\t\t\t\t<\/div>\n\t\t\t\t<div class=\"elementor-element elementor-element-d5baf8e elementor-widget elementor-widget-heading\" data-id=\"d5baf8e\" data-element_type=\"widget\" data-e-type=\"widget\" data-widget_type=\"heading.default\">\n\t\t\t\t\t<h3 class=\"elementor-heading-title elementor-size-default\">Picture credits<\/h3>\t\t\t\t<\/div>\n\t\t\t\t<div class=\"elementor-element elementor-element-c424e3d elementor-widget elementor-widget-text-editor\" data-id=\"c424e3d\" data-element_type=\"widget\" data-e-type=\"widget\" data-widget_type=\"text-editor.default\">\n\t\t\t\t\t\t\t\t\t<p><a href=\"https:\/\/www.viennashots.com\/\" target=\"_blank\" rel=\"noopener\">ViennaShots<\/a><br><a href=\"https:\/\/elements.envato.com\/de\/\" target=\"_blank\" rel=\"noopener\">Envato Elements<\/a><br><a href=\"https:\/\/stock.adobe.com\/at\" target=\"_blank\" rel=\"noopener\">Adobe Stock<\/a><\/p>\t\t\t\t\t\t\t\t<\/div>\n\t\t\t\t<div class=\"elementor-element elementor-element-a14360b elementor-widget elementor-widget-heading\" data-id=\"a14360b\" data-element_type=\"widget\" data-e-type=\"widget\" data-widget_type=\"heading.default\">\n\t\t\t\t\t<h3 class=\"elementor-heading-title elementor-size-default\">Implementation<\/h3>\t\t\t\t<\/div>\n\t\t\t\t<div class=\"elementor-element elementor-element-d8cca50 elementor-widget elementor-widget-text-editor\" data-id=\"d8cca50\" data-element_type=\"widget\" data-e-type=\"widget\" data-widget_type=\"text-editor.default\">\n\t\t\t\t\t\t\t\t\t<p><a href=\"https:\/\/www.medimarketing.at\">www.medimarketing.at<\/a><br><a href=\"https:\/\/www.socialized.at\/\">www.socialized.at<\/a><\/p>\t\t\t\t\t\t\t\t<\/div>\n\t\t\t\t<div class=\"elementor-element elementor-element-51c4082 elementor-widget elementor-widget-image\" data-id=\"51c4082\" data-element_type=\"widget\" data-e-type=\"widget\" data-widget_type=\"image.default\">\n\t\t\t\t\t\t\t\t\t\t\t\t\t\t\t\t<a href=\"https:\/\/www.prelomed.at\" target=\"_blank\">\n\t\t\t\t\t\t\t<img decoding=\"async\" width=\"300\" height=\"94\" src=\"https:\/\/www.sportortho-wien.at\/wp-content\/uploads\/2021\/08\/Prelomed_Founder_Member_JPG.jpg\" class=\"attachment-large size-large wp-image-6342\" alt=\"\" \/>\t\t\t\t\t\t\t\t<\/a>\n\t\t\t\t\t\t\t\t\t\t\t\t\t\t\t<\/div>\n\t\t\t\t<div class=\"elementor-element elementor-element-2e44522 elementor-widget elementor-widget-spacer\" data-id=\"2e44522\" data-element_type=\"widget\" data-e-type=\"widget\" data-widget_type=\"spacer.default\">\n\t\t\t\t\t\t\t<div class=\"elementor-spacer\">\n\t\t\t<div class=\"elementor-spacer-inner\"><\/div>\n\t\t<\/div>\n\t\t\t\t\t\t<\/div>\n\t\t\t\t\t<\/div>\n\t\t<\/div>\n\t\t\t\t\t<\/div>\n\t\t<\/section>\n\t\t\t\t<\/div>\n\t\t","protected":false},"excerpt":{"rendered":"<p>Dr. Gustav Timmel Dr. Gustav TimmelInvalidenstra\u00dfe 11\/2a, 1030 Vienna E-mail: ordination@sportortho-wien.atTel: 0699 19568688 Elective doctor for orthopaedics &amp; traumatologySpecializes in sports injuries, arthroscopy, prostheticsHead of the sports outpatient clinic Picture credits ViennaShotsEnvato ElementsAdobe Stock Implementation www.medimarketing.atwww.socialized.at<\/p>\n","protected":false},"author":1,"featured_media":0,"parent":0,"menu_order":0,"comment_status":"closed","ping_status":"closed","template":"page-templates\/template-pagebuilder-full-width.php","meta":{"neve_meta_sidebar":"full-width","neve_meta_container":"","neve_meta_enable_content_width":"on","neve_meta_content_width":100,"neve_meta_title_alignment":"","neve_meta_author_avatar":"","neve_post_elements_order":"","neve_meta_disable_header":"","neve_meta_disable_footer":"","neve_meta_disable_title":"","neve_meta_reading_time":"","footnotes":""},"class_list":["post-6484","page","type-page","status-publish","hentry"],"yoast_head":"<!-- This site is optimized with the Yoast SEO plugin v27.3 - https:\/\/yoast.com\/product\/yoast-seo-wordpress\/ -->\n<title>Imprint - Orthop\u00e4de 1030 Wien Dr. Gustav Timmel<\/title>\n<meta name=\"robots\" content=\"index, follow, max-snippet:-1, max-image-preview:large, max-video-preview:-1\" \/>\n<link rel=\"canonical\" href=\"https:\/\/www.sportortho-wien.at\/en\/imprint\/\" \/>\n<meta property=\"og:locale\" content=\"en_US\" \/>\n<meta property=\"og:type\" content=\"article\" \/>\n<meta property=\"og:title\" content=\"Imprint - Orthop\u00e4de 1030 Wien Dr. Gustav Timmel\" \/>\n<meta property=\"og:description\" content=\"Dr. Gustav Timmel Dr. Gustav TimmelInvalidenstra\u00dfe 11\/2a, 1030 Vienna E-mail: ordination@sportortho-wien.atTel: 0699 19568688 Elective doctor for orthopaedics &amp; traumatologySpecializes in sports injuries, arthroscopy, prostheticsHead of the sports outpatient clinic Picture credits ViennaShotsEnvato ElementsAdobe Stock Implementation www.medimarketing.atwww.socialized.at\" \/>\n<meta property=\"og:url\" content=\"https:\/\/www.sportortho-wien.at\/en\/imprint\/\" \/>\n<meta property=\"og:site_name\" content=\"Orthop\u00e4de 1030 Wien Dr. Gustav Timmel\" \/>\n<meta property=\"article:modified_time\" content=\"2025-04-03T10:09:30+00:00\" \/>\n<meta property=\"og:image\" content=\"https:\/\/www.sportortho-wien.at\/wp-content\/uploads\/2021\/08\/Prelomed_Founder_Member_JPG.jpg\" \/>\n\t<meta property=\"og:image:width\" content=\"300\" \/>\n\t<meta property=\"og:image:height\" content=\"94\" \/>\n\t<meta property=\"og:image:type\" content=\"image\/jpeg\" \/>\n<meta name=\"twitter:card\" content=\"summary_large_image\" \/>\n<script type=\"application\/ld+json\" class=\"yoast-schema-graph\">{\"@context\":\"https:\\\/\\\/schema.org\",\"@graph\":[{\"@type\":\"WebPage\",\"@id\":\"https:\\\/\\\/www.sportortho-wien.at\\\/en\\\/imprint\\\/\",\"url\":\"https:\\\/\\\/www.sportortho-wien.at\\\/en\\\/imprint\\\/\",\"name\":\"Imprint - Orthop\u00e4de 1030 Wien Dr. Gustav Timmel\",\"isPartOf\":{\"@id\":\"https:\\\/\\\/www.sportortho-wien.at\\\/en\\\/#website\"},\"primaryImageOfPage\":{\"@id\":\"https:\\\/\\\/www.sportortho-wien.at\\\/en\\\/imprint\\\/#primaryimage\"},\"image\":{\"@id\":\"https:\\\/\\\/www.sportortho-wien.at\\\/en\\\/imprint\\\/#primaryimage\"},\"thumbnailUrl\":\"https:\\\/\\\/www.sportortho-wien.at\\\/wp-content\\\/uploads\\\/2021\\\/08\\\/Prelomed_Founder_Member_JPG.jpg\",\"datePublished\":\"2021-03-18T11:53:16+00:00\",\"dateModified\":\"2025-04-03T10:09:30+00:00\",\"breadcrumb\":{\"@id\":\"https:\\\/\\\/www.sportortho-wien.at\\\/en\\\/imprint\\\/#breadcrumb\"},\"inLanguage\":\"en-US\",\"potentialAction\":[{\"@type\":\"ReadAction\",\"target\":[\"https:\\\/\\\/www.sportortho-wien.at\\\/en\\\/imprint\\\/\"]}]},{\"@type\":\"ImageObject\",\"inLanguage\":\"en-US\",\"@id\":\"https:\\\/\\\/www.sportortho-wien.at\\\/en\\\/imprint\\\/#primaryimage\",\"url\":\"https:\\\/\\\/www.sportortho-wien.at\\\/wp-content\\\/uploads\\\/2021\\\/08\\\/Prelomed_Founder_Member_JPG.jpg\",\"contentUrl\":\"https:\\\/\\\/www.sportortho-wien.at\\\/wp-content\\\/uploads\\\/2021\\\/08\\\/Prelomed_Founder_Member_JPG.jpg\"},{\"@type\":\"BreadcrumbList\",\"@id\":\"https:\\\/\\\/www.sportortho-wien.at\\\/en\\\/imprint\\\/#breadcrumb\",\"itemListElement\":[{\"@type\":\"ListItem\",\"position\":1,\"name\":\"Home\",\"item\":\"https:\\\/\\\/www.sportortho-wien.at\\\/en\\\/home\\\/\"},{\"@type\":\"ListItem\",\"position\":2,\"name\":\"Imprint\"}]},{\"@type\":\"WebSite\",\"@id\":\"https:\\\/\\\/www.sportortho-wien.at\\\/en\\\/#website\",\"url\":\"https:\\\/\\\/www.sportortho-wien.at\\\/en\\\/\",\"name\":\"Orthop\u00e4de 1030 Wien Dr. Gustav Timmel\",\"description\":\"Facharzt f\u00fcr Orthop\u00e4die und Traumatologie\",\"publisher\":{\"@id\":\"https:\\\/\\\/www.sportortho-wien.at\\\/en\\\/#organization\"},\"potentialAction\":[{\"@type\":\"SearchAction\",\"target\":{\"@type\":\"EntryPoint\",\"urlTemplate\":\"https:\\\/\\\/www.sportortho-wien.at\\\/en\\\/?s={search_term_string}\"},\"query-input\":{\"@type\":\"PropertyValueSpecification\",\"valueRequired\":true,\"valueName\":\"search_term_string\"}}],\"inLanguage\":\"en-US\"},{\"@type\":\"Organization\",\"@id\":\"https:\\\/\\\/www.sportortho-wien.at\\\/en\\\/#organization\",\"name\":\"Orthop\u00e4de 1030 Wien Dr. Gustav Timmel\",\"url\":\"https:\\\/\\\/www.sportortho-wien.at\\\/en\\\/\",\"logo\":{\"@type\":\"ImageObject\",\"inLanguage\":\"en-US\",\"@id\":\"https:\\\/\\\/www.sportortho-wien.at\\\/en\\\/#\\\/schema\\\/logo\\\/image\\\/\",\"url\":\"https:\\\/\\\/sportortho-wien.at\\\/wp-content\\\/uploads\\\/2021\\\/04\\\/Logo_DrTimmel.png\",\"contentUrl\":\"https:\\\/\\\/sportortho-wien.at\\\/wp-content\\\/uploads\\\/2021\\\/04\\\/Logo_DrTimmel.png\",\"width\":250,\"height\":125,\"caption\":\"Orthop\u00e4de 1030 Wien Dr. Gustav Timmel\"},\"image\":{\"@id\":\"https:\\\/\\\/www.sportortho-wien.at\\\/en\\\/#\\\/schema\\\/logo\\\/image\\\/\"}}]}<\/script>\n<!-- \/ Yoast SEO plugin. -->","yoast_head_json":{"title":"Imprint - Orthop\u00e4de 1030 Wien Dr. Gustav Timmel","robots":{"index":"index","follow":"follow","max-snippet":"max-snippet:-1","max-image-preview":"max-image-preview:large","max-video-preview":"max-video-preview:-1"},"canonical":"https:\/\/www.sportortho-wien.at\/en\/imprint\/","og_locale":"en_US","og_type":"article","og_title":"Imprint - Orthop\u00e4de 1030 Wien Dr. Gustav Timmel","og_description":"Dr. Gustav Timmel Dr. Gustav TimmelInvalidenstra\u00dfe 11\/2a, 1030 Vienna E-mail: ordination@sportortho-wien.atTel: 0699 19568688 Elective doctor for orthopaedics &amp; traumatologySpecializes in sports injuries, arthroscopy, prostheticsHead of the sports outpatient clinic Picture credits ViennaShotsEnvato ElementsAdobe Stock Implementation www.medimarketing.atwww.socialized.at","og_url":"https:\/\/www.sportortho-wien.at\/en\/imprint\/","og_site_name":"Orthop\u00e4de 1030 Wien Dr. Gustav Timmel","article_modified_time":"2025-04-03T10:09:30+00:00","og_image":[{"width":300,"height":94,"url":"https:\/\/www.sportortho-wien.at\/wp-content\/uploads\/2021\/08\/Prelomed_Founder_Member_JPG.jpg","type":"image\/jpeg"}],"twitter_card":"summary_large_image","schema":{"@context":"https:\/\/schema.org","@graph":[{"@type":"WebPage","@id":"https:\/\/www.sportortho-wien.at\/en\/imprint\/","url":"https:\/\/www.sportortho-wien.at\/en\/imprint\/","name":"Imprint - Orthop\u00e4de 1030 Wien Dr. Gustav Timmel","isPartOf":{"@id":"https:\/\/www.sportortho-wien.at\/en\/#website"},"primaryImageOfPage":{"@id":"https:\/\/www.sportortho-wien.at\/en\/imprint\/#primaryimage"},"image":{"@id":"https:\/\/www.sportortho-wien.at\/en\/imprint\/#primaryimage"},"thumbnailUrl":"https:\/\/www.sportortho-wien.at\/wp-content\/uploads\/2021\/08\/Prelomed_Founder_Member_JPG.jpg","datePublished":"2021-03-18T11:53:16+00:00","dateModified":"2025-04-03T10:09:30+00:00","breadcrumb":{"@id":"https:\/\/www.sportortho-wien.at\/en\/imprint\/#breadcrumb"},"inLanguage":"en-US","potentialAction":[{"@type":"ReadAction","target":["https:\/\/www.sportortho-wien.at\/en\/imprint\/"]}]},{"@type":"ImageObject","inLanguage":"en-US","@id":"https:\/\/www.sportortho-wien.at\/en\/imprint\/#primaryimage","url":"https:\/\/www.sportortho-wien.at\/wp-content\/uploads\/2021\/08\/Prelomed_Founder_Member_JPG.jpg","contentUrl":"https:\/\/www.sportortho-wien.at\/wp-content\/uploads\/2021\/08\/Prelomed_Founder_Member_JPG.jpg"},{"@type":"BreadcrumbList","@id":"https:\/\/www.sportortho-wien.at\/en\/imprint\/#breadcrumb","itemListElement":[{"@type":"ListItem","position":1,"name":"Home","item":"https:\/\/www.sportortho-wien.at\/en\/home\/"},{"@type":"ListItem","position":2,"name":"Imprint"}]},{"@type":"WebSite","@id":"https:\/\/www.sportortho-wien.at\/en\/#website","url":"https:\/\/www.sportortho-wien.at\/en\/","name":"Orthop\u00e4de 1030 Wien Dr. Gustav Timmel","description":"Facharzt f\u00fcr Orthop\u00e4die und Traumatologie","publisher":{"@id":"https:\/\/www.sportortho-wien.at\/en\/#organization"},"potentialAction":[{"@type":"SearchAction","target":{"@type":"EntryPoint","urlTemplate":"https:\/\/www.sportortho-wien.at\/en\/?s={search_term_string}"},"query-input":{"@type":"PropertyValueSpecification","valueRequired":true,"valueName":"search_term_string"}}],"inLanguage":"en-US"},{"@type":"Organization","@id":"https:\/\/www.sportortho-wien.at\/en\/#organization","name":"Orthop\u00e4de 1030 Wien Dr. Gustav Timmel","url":"https:\/\/www.sportortho-wien.at\/en\/","logo":{"@type":"ImageObject","inLanguage":"en-US","@id":"https:\/\/www.sportortho-wien.at\/en\/#\/schema\/logo\/image\/","url":"https:\/\/sportortho-wien.at\/wp-content\/uploads\/2021\/04\/Logo_DrTimmel.png","contentUrl":"https:\/\/sportortho-wien.at\/wp-content\/uploads\/2021\/04\/Logo_DrTimmel.png","width":250,"height":125,"caption":"Orthop\u00e4de 1030 Wien Dr. Gustav Timmel"},"image":{"@id":"https:\/\/www.sportortho-wien.at\/en\/#\/schema\/logo\/image\/"}}]}},"_links":{"self":[{"href":"https:\/\/www.sportortho-wien.at\/en\/wp-json\/wp\/v2\/pages\/6484","targetHints":{"allow":["GET"]}}],"collection":[{"href":"https:\/\/www.sportortho-wien.at\/en\/wp-json\/wp\/v2\/pages"}],"about":[{"href":"https:\/\/www.sportortho-wien.at\/en\/wp-json\/wp\/v2\/types\/page"}],"author":[{"embeddable":true,"href":"https:\/\/www.sportortho-wien.at\/en\/wp-json\/wp\/v2\/users\/1"}],"replies":[{"embeddable":true,"href":"https:\/\/www.sportortho-wien.at\/en\/wp-json\/wp\/v2\/comments?post=6484"}],"version-history":[{"count":1,"href":"https:\/\/www.sportortho-wien.at\/en\/wp-json\/wp\/v2\/pages\/6484\/revisions"}],"predecessor-version":[{"id":6485,"href":"https:\/\/www.sportortho-wien.at\/en\/wp-json\/wp\/v2\/pages\/6484\/revisions\/6485"}],"wp:attachment":[{"href":"https:\/\/www.sportortho-wien.at\/en\/wp-json\/wp\/v2\/media?parent=6484"}],"curies":[{"name":"wp","href":"https:\/\/api.w.org\/{rel}","templated":true}]}}