{"id":6498,"date":"2021-03-28T08:39:21","date_gmt":"2021-03-28T07:39:21","guid":{"rendered":"https:\/\/www.sportortho-wien.at\/foot-and-hand-pain\/"},"modified":"2025-04-03T11:09:51","modified_gmt":"2025-04-03T10:09:51","slug":"foot-and-hand-pain","status":"publish","type":"page","link":"https:\/\/www.sportortho-wien.at\/en\/foot-and-hand-pain\/","title":{"rendered":"Foot and hand pain"},"content":{"rendered":"\t\t<div data-elementor-type=\"wp-page\" data-elementor-id=\"6498\" class=\"elementor elementor-6498 elementor-524\" data-elementor-post-type=\"page\">\n\t\t\t\t\t\t<section class=\"has_eae_slider elementor-section elementor-top-section elementor-element elementor-element-754164f elementor-section-boxed elementor-section-height-default elementor-section-height-default\" data-eae-slider=\"23188\" data-id=\"754164f\" data-element_type=\"section\" data-e-type=\"section\" data-settings=\"{&quot;background_background&quot;:&quot;classic&quot;}\">\n\t\t\t\t\t\t<div class=\"elementor-container elementor-column-gap-default\">\n\t\t\t\t\t<div class=\"has_eae_slider elementor-column elementor-col-100 elementor-top-column elementor-element elementor-element-56e01c9\" data-eae-slider=\"86501\" data-id=\"56e01c9\" data-element_type=\"column\" data-e-type=\"column\">\n\t\t\t<div class=\"elementor-widget-wrap elementor-element-populated\">\n\t\t\t\t\t\t<div class=\"elementor-element elementor-element-ad57e31 elementor-widget elementor-widget-spacer\" data-id=\"ad57e31\" data-element_type=\"widget\" data-e-type=\"widget\" data-widget_type=\"spacer.default\">\n\t\t\t\t\t\t\t<div class=\"elementor-spacer\">\n\t\t\t<div class=\"elementor-spacer-inner\"><\/div>\n\t\t<\/div>\n\t\t\t\t\t\t<\/div>\n\t\t\t\t\t<\/div>\n\t\t<\/div>\n\t\t\t\t\t<\/div>\n\t\t<\/section>\n\t\t\t\t<section class=\"has_eae_slider elementor-section elementor-top-section elementor-element elementor-element-62023c7 animated-slow elementor-section-boxed elementor-section-height-default elementor-section-height-default elementor-invisible\" data-eae-slider=\"16121\" data-id=\"62023c7\" data-element_type=\"section\" data-e-type=\"section\" data-settings=\"{&quot;animation&quot;:&quot;fadeInUp&quot;}\">\n\t\t\t\t\t\t<div class=\"elementor-container elementor-column-gap-default\">\n\t\t\t\t\t<div class=\"has_eae_slider elementor-column elementor-col-100 elementor-top-column elementor-element elementor-element-a09e462\" data-eae-slider=\"91278\" data-id=\"a09e462\" data-element_type=\"column\" data-e-type=\"column\">\n\t\t\t<div class=\"elementor-widget-wrap elementor-element-populated\">\n\t\t\t\t\t\t<div class=\"elementor-element elementor-element-83fe888 elementor-widget elementor-widget-heading\" data-id=\"83fe888\" data-element_type=\"widget\" data-e-type=\"widget\" data-widget_type=\"heading.default\">\n\t\t\t\t\t<h1 class=\"elementor-heading-title elementor-size-default\">Foot &amp; hand pain<\/h1>\t\t\t\t<\/div>\n\t\t\t\t<div class=\"elementor-element elementor-element-3d8a4e3 elementor-widget elementor-widget-heading\" data-id=\"3d8a4e3\" data-element_type=\"widget\" data-e-type=\"widget\" data-widget_type=\"heading.default\">\n\t\t\t\t\t<h3 class=\"elementor-heading-title elementor-size-default\">Learn more<\/h3>\t\t\t\t<\/div>\n\t\t\t\t<div class=\"elementor-element elementor-element-87a9b07 elementor-toc--minimized-on-tablet elementor-widget elementor-widget-global elementor-global-397 elementor-widget-table-of-contents\" data-id=\"87a9b07\" data-element_type=\"widget\" data-e-type=\"widget\" data-settings=\"{&quot;exclude_headings_by_selector&quot;:[],&quot;headings_by_tags&quot;:[&quot;h2&quot;,&quot;h3&quot;],&quot;marker_view&quot;:&quot;numbers&quot;,&quot;no_headings_message&quot;:&quot;No headings were found on this page.&quot;,&quot;minimize_box&quot;:&quot;yes&quot;,&quot;minimized_on&quot;:&quot;tablet&quot;,&quot;hierarchical_view&quot;:&quot;yes&quot;,&quot;min_height&quot;:{&quot;unit&quot;:&quot;px&quot;,&quot;size&quot;:&quot;&quot;,&quot;sizes&quot;:[]},&quot;min_height_tablet&quot;:{&quot;unit&quot;:&quot;px&quot;,&quot;size&quot;:&quot;&quot;,&quot;sizes&quot;:[]},&quot;min_height_mobile&quot;:{&quot;unit&quot;:&quot;px&quot;,&quot;size&quot;:&quot;&quot;,&quot;sizes&quot;:[]}}\" data-widget_type=\"table-of-contents.default\">\n\t\t\t\t\t\t\t\t\t<div class=\"elementor-toc__header\">\n\t\t\t\t\t\t<h4 class=\"elementor-toc__header-title\">\n\t\t\t\t\u00dcBERSICHT\t\t\t<\/h4>\n\t\t\t\t\t\t\t\t\t\t<div class=\"elementor-toc__toggle-button elementor-toc__toggle-button--expand\" role=\"button\" tabindex=\"0\" aria-controls=\"elementor-toc__87a9b07\" aria-expanded=\"true\" aria-label=\"Open table of contents\"><i aria-hidden=\"true\" class=\"fas fa-chevron-down\"><\/i><\/div>\n\t\t\t\t<div class=\"elementor-toc__toggle-button elementor-toc__toggle-button--collapse\" role=\"button\" tabindex=\"0\" aria-controls=\"elementor-toc__87a9b07\" aria-expanded=\"true\" aria-label=\"Close table of contents\"><i aria-hidden=\"true\" class=\"fas fa-chevron-up\"><\/i><\/div>\n\t\t\t\t\t<\/div>\n\t\t\t\t<div id=\"elementor-toc__87a9b07\" class=\"elementor-toc__body\">\n\t\t\t<div class=\"elementor-toc__spinner-container\">\n\t\t\t\t<i class=\"elementor-toc__spinner eicon-animation-spin eicon-loading\" aria-hidden=\"true\"><\/i>\t\t\t<\/div>\n\t\t<\/div>\n\t\t\t\t\t\t<\/div>\n\t\t\t\t\t<\/div>\n\t\t<\/div>\n\t\t\t\t\t<\/div>\n\t\t<\/section>\n\t\t\t\t<section class=\"has_eae_slider elementor-section elementor-top-section elementor-element elementor-element-52ac3d9 elementor-section-boxed elementor-section-height-default elementor-section-height-default elementor-invisible\" data-eae-slider=\"69880\" data-id=\"52ac3d9\" data-element_type=\"section\" data-e-type=\"section\" data-settings=\"{&quot;animation&quot;:&quot;fadeInUp&quot;}\">\n\t\t\t\t\t\t<div class=\"elementor-container elementor-column-gap-default\">\n\t\t\t\t\t<div class=\"has_eae_slider elementor-column elementor-col-100 elementor-top-column elementor-element elementor-element-097725c\" data-eae-slider=\"355\" data-id=\"097725c\" data-element_type=\"column\" data-e-type=\"column\">\n\t\t\t<div class=\"elementor-widget-wrap elementor-element-populated\">\n\t\t\t\t\t\t<div class=\"elementor-element elementor-element-2881501 elementor-widget elementor-widget-heading\" data-id=\"2881501\" data-element_type=\"widget\" data-e-type=\"widget\" data-widget_type=\"heading.default\">\n\t\t\t\t\t<h2 class=\"elementor-heading-title elementor-size-default\">Hand<\/h2>\t\t\t\t<\/div>\n\t\t\t\t<section class=\"has_eae_slider elementor-section elementor-inner-section elementor-element elementor-element-46f97cd elementor-section-boxed elementor-section-height-default elementor-section-height-default\" data-eae-slider=\"92143\" data-id=\"46f97cd\" data-element_type=\"section\" data-e-type=\"section\">\n\t\t\t\t\t\t<div class=\"elementor-container elementor-column-gap-default\">\n\t\t\t\t\t<div class=\"has_eae_slider elementor-column elementor-col-50 elementor-inner-column elementor-element elementor-element-3e0a0f9\" data-eae-slider=\"28578\" data-id=\"3e0a0f9\" data-element_type=\"column\" data-e-type=\"column\" data-settings=\"{&quot;background_background&quot;:&quot;classic&quot;}\">\n\t\t\t<div class=\"elementor-widget-wrap elementor-element-populated\">\n\t\t\t\t\t\t<div class=\"elementor-element elementor-element-cb3bcbc elementor-widget elementor-widget-heading\" data-id=\"cb3bcbc\" data-element_type=\"widget\" data-e-type=\"widget\" data-widget_type=\"heading.default\">\n\t\t\t\t\t<h3 class=\"elementor-heading-title elementor-size-default\">Fast finder<\/h3>\t\t\t\t<\/div>\n\t\t\t\t<div class=\"elementor-element elementor-element-a247352 elementor-widget elementor-widget-text-editor\" data-id=\"a247352\" data-element_type=\"widget\" data-e-type=\"widget\" data-widget_type=\"text-editor.default\">\n\t\t\t\t\t\t\t\t\t<p>Trigger finger is caused by inflammation of the tendon sheath or the gliding canal.<\/p>\t\t\t\t\t\t\t\t<\/div>\n\t\t\t\t<div class=\"elementor-element elementor-element-09bbabf elementor-align-justify elementor-widget elementor-widget-button\" data-id=\"09bbabf\" data-element_type=\"widget\" data-e-type=\"widget\" data-widget_type=\"button.default\">\n\t\t\t\t\t\t\t\t\t\t<a class=\"elementor-button elementor-button-link elementor-size-sm\" href=\"https:\/\/www.sportortho-wien.at\/schnellender-finger\/\">\n\t\t\t\t\t\t<span class=\"elementor-button-content-wrapper\">\n\t\t\t\t\t\t\t\t\t<span class=\"elementor-button-text\">Find out more!<\/span>\n\t\t\t\t\t<\/span>\n\t\t\t\t\t<\/a>\n\t\t\t\t\t\t\t\t<\/div>\n\t\t\t\t\t<\/div>\n\t\t<\/div>\n\t\t\t\t<div class=\"has_eae_slider elementor-column elementor-col-50 elementor-inner-column elementor-element elementor-element-2ce7e70\" data-eae-slider=\"73356\" data-id=\"2ce7e70\" data-element_type=\"column\" data-e-type=\"column\" data-settings=\"{&quot;background_background&quot;:&quot;classic&quot;}\">\n\t\t\t<div class=\"elementor-widget-wrap elementor-element-populated\">\n\t\t\t\t\t\t<div class=\"elementor-element elementor-element-594dfd1 elementor-widget elementor-widget-heading\" data-id=\"594dfd1\" data-element_type=\"widget\" data-e-type=\"widget\" data-widget_type=\"heading.default\">\n\t\t\t\t\t<h3 class=\"elementor-heading-title elementor-size-default\">Carpal tunnel syndrome<\/h3>\t\t\t\t<\/div>\n\t\t\t\t<div class=\"elementor-element elementor-element-e2fb5b2 elementor-widget elementor-widget-text-editor\" data-id=\"e2fb5b2\" data-element_type=\"widget\" data-e-type=\"widget\" data-widget_type=\"text-editor.default\">\n\t\t\t\t\t\t\t\t\t<p>Carpal tunnel syndrome (CTS) refers to a constriction of a hand nerve (nervus medianus) at the level of the wrist.<\/p>\t\t\t\t\t\t\t\t<\/div>\n\t\t\t\t<div class=\"elementor-element elementor-element-3339931 elementor-align-justify elementor-widget elementor-widget-button\" data-id=\"3339931\" data-element_type=\"widget\" data-e-type=\"widget\" data-widget_type=\"button.default\">\n\t\t\t\t\t\t\t\t\t\t<a class=\"elementor-button elementor-button-link elementor-size-sm\" href=\"https:\/\/www.sportortho-wien.at\/karpaltunnel-syndrom\/\">\n\t\t\t\t\t\t<span class=\"elementor-button-content-wrapper\">\n\t\t\t\t\t\t\t\t\t<span class=\"elementor-button-text\">Find out more!<\/span>\n\t\t\t\t\t<\/span>\n\t\t\t\t\t<\/a>\n\t\t\t\t\t\t\t\t<\/div>\n\t\t\t\t\t<\/div>\n\t\t<\/div>\n\t\t\t\t\t<\/div>\n\t\t<\/section>\n\t\t\t\t\t<\/div>\n\t\t<\/div>\n\t\t\t\t\t<\/div>\n\t\t<\/section>\n\t\t\t\t<section class=\"has_eae_slider elementor-section elementor-top-section elementor-element elementor-element-dc081ab elementor-section-boxed elementor-section-height-default elementor-section-height-default elementor-invisible\" data-eae-slider=\"65049\" data-id=\"dc081ab\" data-element_type=\"section\" data-e-type=\"section\" data-settings=\"{&quot;animation&quot;:&quot;fadeInUp&quot;}\">\n\t\t\t\t\t\t<div class=\"elementor-container elementor-column-gap-default\">\n\t\t\t\t\t<div class=\"has_eae_slider elementor-column elementor-col-100 elementor-top-column elementor-element elementor-element-555a032\" data-eae-slider=\"36357\" data-id=\"555a032\" data-element_type=\"column\" data-e-type=\"column\">\n\t\t\t<div class=\"elementor-widget-wrap elementor-element-populated\">\n\t\t\t\t\t\t<div class=\"elementor-element elementor-element-a3240c5 elementor-widget elementor-widget-heading\" data-id=\"a3240c5\" data-element_type=\"widget\" data-e-type=\"widget\" data-widget_type=\"heading.default\">\n\t\t\t\t\t<h2 class=\"elementor-heading-title elementor-size-default\">Foot<\/h2>\t\t\t\t<\/div>\n\t\t\t\t<section class=\"has_eae_slider elementor-section elementor-inner-section elementor-element elementor-element-7bc1571 elementor-section-boxed elementor-section-height-default elementor-section-height-default\" data-eae-slider=\"28684\" data-id=\"7bc1571\" data-element_type=\"section\" data-e-type=\"section\">\n\t\t\t\t\t\t<div class=\"elementor-container elementor-column-gap-default\">\n\t\t\t\t\t<div class=\"has_eae_slider elementor-column elementor-col-50 elementor-inner-column elementor-element elementor-element-4692a73\" data-eae-slider=\"69784\" data-id=\"4692a73\" data-element_type=\"column\" data-e-type=\"column\" data-settings=\"{&quot;background_background&quot;:&quot;classic&quot;}\">\n\t\t\t<div class=\"elementor-widget-wrap elementor-element-populated\">\n\t\t\t\t\t\t<div class=\"elementor-element elementor-element-4e96eee elementor-widget elementor-widget-heading\" data-id=\"4e96eee\" data-element_type=\"widget\" data-e-type=\"widget\" data-widget_type=\"heading.default\">\n\t\t\t\t\t<h3 class=\"elementor-heading-title elementor-size-default\">Hallux Valgus<\/h3>\t\t\t\t<\/div>\n\t\t\t\t<div class=\"elementor-element elementor-element-6c6f72c elementor-widget elementor-widget-text-editor\" data-id=\"6c6f72c\" data-element_type=\"widget\" data-e-type=\"widget\" data-widget_type=\"text-editor.default\">\n\t\t\t\t\t\t\t\t\t<p>The full picture describes a skewed position of the big toe outwards, which is why the joint protrudes clearly to the side.<\/p>\t\t\t\t\t\t\t\t<\/div>\n\t\t\t\t<div class=\"elementor-element elementor-element-0728ce4 elementor-align-justify elementor-widget elementor-widget-button\" data-id=\"0728ce4\" data-element_type=\"widget\" data-e-type=\"widget\" data-widget_type=\"button.default\">\n\t\t\t\t\t\t\t\t\t\t<a class=\"elementor-button elementor-button-link elementor-size-sm\" href=\"https:\/\/www.sportortho-wien.at\/hallux-valgus\/\">\n\t\t\t\t\t\t<span class=\"elementor-button-content-wrapper\">\n\t\t\t\t\t\t\t\t\t<span class=\"elementor-button-text\">Find out more!<\/span>\n\t\t\t\t\t<\/span>\n\t\t\t\t\t<\/a>\n\t\t\t\t\t\t\t\t<\/div>\n\t\t\t\t\t<\/div>\n\t\t<\/div>\n\t\t\t\t<div class=\"has_eae_slider elementor-column elementor-col-50 elementor-inner-column elementor-element elementor-element-308224b\" data-eae-slider=\"26963\" data-id=\"308224b\" data-element_type=\"column\" data-e-type=\"column\" data-settings=\"{&quot;background_background&quot;:&quot;classic&quot;}\">\n\t\t\t<div class=\"elementor-widget-wrap elementor-element-populated\">\n\t\t\t\t\t\t<div class=\"elementor-element elementor-element-0abb127 elementor-widget elementor-widget-heading\" data-id=\"0abb127\" data-element_type=\"widget\" data-e-type=\"widget\" data-widget_type=\"heading.default\">\n\t\t\t\t\t<h3 class=\"elementor-heading-title elementor-size-default\">Hallux Rigidus<\/h3>\t\t\t\t<\/div>\n\t\t\t\t<div class=\"elementor-element elementor-element-e2f573b elementor-widget elementor-widget-text-editor\" data-id=\"e2f573b\" data-element_type=\"widget\" data-e-type=\"widget\" data-widget_type=\"text-editor.default\">\n\t\t\t\t\t\t\t\t\t<p>Hallux rigidus (stiff big toe) is an arthrotic change in the metatarsophalangeal joint of the big toe.<\/p>\t\t\t\t\t\t\t\t<\/div>\n\t\t\t\t<div class=\"elementor-element elementor-element-2665759 elementor-align-justify elementor-widget elementor-widget-button\" data-id=\"2665759\" data-element_type=\"widget\" data-e-type=\"widget\" data-widget_type=\"button.default\">\n\t\t\t\t\t\t\t\t\t\t<a class=\"elementor-button elementor-button-link elementor-size-sm\" href=\"https:\/\/www.sportortho-wien.at\/hallux-rigidus\/\">\n\t\t\t\t\t\t<span class=\"elementor-button-content-wrapper\">\n\t\t\t\t\t\t\t\t\t<span class=\"elementor-button-text\">Find out more!<\/span>\n\t\t\t\t\t<\/span>\n\t\t\t\t\t<\/a>\n\t\t\t\t\t\t\t\t<\/div>\n\t\t\t\t\t<\/div>\n\t\t<\/div>\n\t\t\t\t\t<\/div>\n\t\t<\/section>\n\t\t\t\t\t<\/div>\n\t\t<\/div>\n\t\t\t\t\t<\/div>\n\t\t<\/section>\n\t\t\t\t<section class=\"has_eae_slider elementor-section elementor-top-section elementor-element elementor-element-719cdc70 elementor-hidden-tablet elementor-section-boxed elementor-section-height-default elementor-section-height-default\" data-eae-slider=\"80207\" data-id=\"719cdc70\" data-element_type=\"section\" data-e-type=\"section\" data-settings=\"{&quot;background_background&quot;:&quot;classic&quot;}\">\n\t\t\t\t\t\t\t<div class=\"elementor-background-overlay\"><\/div>\n\t\t\t\t\t\t\t<div class=\"elementor-container elementor-column-gap-default\">\n\t\t\t\t\t<div class=\"has_eae_slider elementor-column elementor-col-100 elementor-top-column elementor-element elementor-element-73e41e15\" data-eae-slider=\"18273\" data-id=\"73e41e15\" data-element_type=\"column\" data-e-type=\"column\">\n\t\t\t<div class=\"elementor-widget-wrap elementor-element-populated\">\n\t\t\t\t\t\t<div class=\"elementor-element elementor-element-e6f4eab elementor-widget elementor-widget-heading\" data-id=\"e6f4eab\" data-element_type=\"widget\" data-e-type=\"widget\" data-widget_type=\"heading.default\">\n\t\t\t\t\t<h4 class=\"elementor-heading-title elementor-size-default\"><a href=\"http:\/\/sportortho-wien.at\/die-operation\/\">Information on the operation &amp; aftercare<\/a><\/h4>\t\t\t\t<\/div>\n\t\t\t\t\t<\/div>\n\t\t<\/div>\n\t\t\t\t\t<\/div>\n\t\t<\/section>\n\t\t\t\t<\/div>\n\t\t","protected":false},"excerpt":{"rendered":"<p>Foot &amp; hand pain Learn more \u00dcBERSICHT Hand Fast finder Trigger finger is caused by inflammation of the tendon sheath or the gliding canal. Find out more! Carpal tunnel syndrome Carpal tunnel syndrome (CTS) refers to a constriction of a hand nerve (nervus medianus) at the level of the wrist. Find out more! Foot Hallux&hellip;&nbsp;<a href=\"https:\/\/www.sportortho-wien.at\/en\/foot-and-hand-pain\/\" rel=\"bookmark\">Read More &raquo;<span class=\"screen-reader-text\">Foot and hand pain<\/span><\/a><\/p>\n","protected":false},"author":1,"featured_media":0,"parent":0,"menu_order":0,"comment_status":"closed","ping_status":"closed","template":"page-templates\/template-pagebuilder-full-width.php","meta":{"neve_meta_sidebar":"full-width","neve_meta_container":"","neve_meta_enable_content_width":"on","neve_meta_content_width":100,"neve_meta_title_alignment":"","neve_meta_author_avatar":"","neve_post_elements_order":"","neve_meta_disable_header":"","neve_meta_disable_footer":"","neve_meta_disable_title":"","neve_meta_reading_time":"","footnotes":""},"class_list":["post-6498","page","type-page","status-publish","hentry"],"yoast_head":"<!-- This site is optimized with the Yoast SEO plugin v27.4 - https:\/\/yoast.com\/product\/yoast-seo-wordpress\/ -->\n<title>Foot &amp; Hand Pain | Orthopaedist Vienna | Dr. Gustav Timmel<\/title>\n<meta name=\"description\" content=\"Are you suffering from foot pain and\/or hand pain and looking for orthopaedic help? Please contact me!\" \/>\n<meta name=\"robots\" content=\"index, follow, max-snippet:-1, max-image-preview:large, max-video-preview:-1\" \/>\n<link rel=\"canonical\" href=\"https:\/\/www.sportortho-wien.at\/en\/foot-and-hand-pain\/\" \/>\n<meta property=\"og:locale\" content=\"en_US\" \/>\n<meta property=\"og:type\" content=\"article\" \/>\n<meta property=\"og:title\" content=\"Foot &amp; Hand Pain | Orthopaedist Vienna | Dr. Gustav Timmel\" \/>\n<meta property=\"og:description\" content=\"Are you suffering from foot pain and\/or hand pain and looking for orthopaedic help? Please contact me!\" \/>\n<meta property=\"og:url\" content=\"https:\/\/www.sportortho-wien.at\/en\/foot-and-hand-pain\/\" \/>\n<meta property=\"og:site_name\" content=\"Orthop\u00e4de 1030 Wien Dr. Gustav Timmel\" \/>\n<meta property=\"article:modified_time\" content=\"2025-04-03T10:09:51+00:00\" \/>\n<meta name=\"twitter:card\" content=\"summary_large_image\" \/>\n<meta name=\"twitter:label1\" content=\"Est. reading time\" \/>\n\t<meta name=\"twitter:data1\" content=\"1 minute\" \/>\n<script type=\"application\/ld+json\" class=\"yoast-schema-graph\">{\"@context\":\"https:\\\/\\\/schema.org\",\"@graph\":[{\"@type\":\"WebPage\",\"@id\":\"https:\\\/\\\/www.sportortho-wien.at\\\/en\\\/foot-and-hand-pain\\\/\",\"url\":\"https:\\\/\\\/www.sportortho-wien.at\\\/en\\\/foot-and-hand-pain\\\/\",\"name\":\"Foot & Hand Pain | Orthopaedist Vienna | Dr. Gustav Timmel\",\"isPartOf\":{\"@id\":\"https:\\\/\\\/www.sportortho-wien.at\\\/en\\\/#website\"},\"datePublished\":\"2021-03-28T07:39:21+00:00\",\"dateModified\":\"2025-04-03T10:09:51+00:00\",\"description\":\"Are you suffering from foot pain and\\\/or hand pain and looking for orthopaedic help? Please contact me!\",\"breadcrumb\":{\"@id\":\"https:\\\/\\\/www.sportortho-wien.at\\\/en\\\/foot-and-hand-pain\\\/#breadcrumb\"},\"inLanguage\":\"en-US\",\"potentialAction\":[{\"@type\":\"ReadAction\",\"target\":[\"https:\\\/\\\/www.sportortho-wien.at\\\/en\\\/foot-and-hand-pain\\\/\"]}]},{\"@type\":\"BreadcrumbList\",\"@id\":\"https:\\\/\\\/www.sportortho-wien.at\\\/en\\\/foot-and-hand-pain\\\/#breadcrumb\",\"itemListElement\":[{\"@type\":\"ListItem\",\"position\":1,\"name\":\"Home\",\"item\":\"https:\\\/\\\/www.sportortho-wien.at\\\/en\\\/home\\\/\"},{\"@type\":\"ListItem\",\"position\":2,\"name\":\"Foot and hand pain\"}]},{\"@type\":\"WebSite\",\"@id\":\"https:\\\/\\\/www.sportortho-wien.at\\\/en\\\/#website\",\"url\":\"https:\\\/\\\/www.sportortho-wien.at\\\/en\\\/\",\"name\":\"Orthop\u00e4de 1030 Wien Dr. Gustav Timmel\",\"description\":\"Facharzt f\u00fcr Orthop\u00e4die und Traumatologie\",\"publisher\":{\"@id\":\"https:\\\/\\\/www.sportortho-wien.at\\\/en\\\/#organization\"},\"potentialAction\":[{\"@type\":\"SearchAction\",\"target\":{\"@type\":\"EntryPoint\",\"urlTemplate\":\"https:\\\/\\\/www.sportortho-wien.at\\\/en\\\/?s={search_term_string}\"},\"query-input\":{\"@type\":\"PropertyValueSpecification\",\"valueRequired\":true,\"valueName\":\"search_term_string\"}}],\"inLanguage\":\"en-US\"},{\"@type\":\"Organization\",\"@id\":\"https:\\\/\\\/www.sportortho-wien.at\\\/en\\\/#organization\",\"name\":\"Orthop\u00e4de 1030 Wien Dr. Gustav Timmel\",\"url\":\"https:\\\/\\\/www.sportortho-wien.at\\\/en\\\/\",\"logo\":{\"@type\":\"ImageObject\",\"inLanguage\":\"en-US\",\"@id\":\"https:\\\/\\\/www.sportortho-wien.at\\\/en\\\/#\\\/schema\\\/logo\\\/image\\\/\",\"url\":\"https:\\\/\\\/sportortho-wien.at\\\/wp-content\\\/uploads\\\/2021\\\/04\\\/Logo_DrTimmel.png\",\"contentUrl\":\"https:\\\/\\\/sportortho-wien.at\\\/wp-content\\\/uploads\\\/2021\\\/04\\\/Logo_DrTimmel.png\",\"width\":250,\"height\":125,\"caption\":\"Orthop\u00e4de 1030 Wien Dr. Gustav Timmel\"},\"image\":{\"@id\":\"https:\\\/\\\/www.sportortho-wien.at\\\/en\\\/#\\\/schema\\\/logo\\\/image\\\/\"}}]}<\/script>\n<!-- \/ Yoast SEO plugin. -->","yoast_head_json":{"title":"Foot & Hand Pain | Orthopaedist Vienna | Dr. Gustav Timmel","description":"Are you suffering from foot pain and\/or hand pain and looking for orthopaedic help? Please contact me!","robots":{"index":"index","follow":"follow","max-snippet":"max-snippet:-1","max-image-preview":"max-image-preview:large","max-video-preview":"max-video-preview:-1"},"canonical":"https:\/\/www.sportortho-wien.at\/en\/foot-and-hand-pain\/","og_locale":"en_US","og_type":"article","og_title":"Foot & Hand Pain | Orthopaedist Vienna | Dr. Gustav Timmel","og_description":"Are you suffering from foot pain and\/or hand pain and looking for orthopaedic help? Please contact me!","og_url":"https:\/\/www.sportortho-wien.at\/en\/foot-and-hand-pain\/","og_site_name":"Orthop\u00e4de 1030 Wien Dr. Gustav Timmel","article_modified_time":"2025-04-03T10:09:51+00:00","twitter_card":"summary_large_image","twitter_misc":{"Est. reading time":"1 minute"},"schema":{"@context":"https:\/\/schema.org","@graph":[{"@type":"WebPage","@id":"https:\/\/www.sportortho-wien.at\/en\/foot-and-hand-pain\/","url":"https:\/\/www.sportortho-wien.at\/en\/foot-and-hand-pain\/","name":"Foot & Hand Pain | Orthopaedist Vienna | Dr. Gustav Timmel","isPartOf":{"@id":"https:\/\/www.sportortho-wien.at\/en\/#website"},"datePublished":"2021-03-28T07:39:21+00:00","dateModified":"2025-04-03T10:09:51+00:00","description":"Are you suffering from foot pain and\/or hand pain and looking for orthopaedic help? Please contact me!","breadcrumb":{"@id":"https:\/\/www.sportortho-wien.at\/en\/foot-and-hand-pain\/#breadcrumb"},"inLanguage":"en-US","potentialAction":[{"@type":"ReadAction","target":["https:\/\/www.sportortho-wien.at\/en\/foot-and-hand-pain\/"]}]},{"@type":"BreadcrumbList","@id":"https:\/\/www.sportortho-wien.at\/en\/foot-and-hand-pain\/#breadcrumb","itemListElement":[{"@type":"ListItem","position":1,"name":"Home","item":"https:\/\/www.sportortho-wien.at\/en\/home\/"},{"@type":"ListItem","position":2,"name":"Foot and hand pain"}]},{"@type":"WebSite","@id":"https:\/\/www.sportortho-wien.at\/en\/#website","url":"https:\/\/www.sportortho-wien.at\/en\/","name":"Orthop\u00e4de 1030 Wien Dr. Gustav Timmel","description":"Facharzt f\u00fcr Orthop\u00e4die und Traumatologie","publisher":{"@id":"https:\/\/www.sportortho-wien.at\/en\/#organization"},"potentialAction":[{"@type":"SearchAction","target":{"@type":"EntryPoint","urlTemplate":"https:\/\/www.sportortho-wien.at\/en\/?s={search_term_string}"},"query-input":{"@type":"PropertyValueSpecification","valueRequired":true,"valueName":"search_term_string"}}],"inLanguage":"en-US"},{"@type":"Organization","@id":"https:\/\/www.sportortho-wien.at\/en\/#organization","name":"Orthop\u00e4de 1030 Wien Dr. Gustav Timmel","url":"https:\/\/www.sportortho-wien.at\/en\/","logo":{"@type":"ImageObject","inLanguage":"en-US","@id":"https:\/\/www.sportortho-wien.at\/en\/#\/schema\/logo\/image\/","url":"https:\/\/sportortho-wien.at\/wp-content\/uploads\/2021\/04\/Logo_DrTimmel.png","contentUrl":"https:\/\/sportortho-wien.at\/wp-content\/uploads\/2021\/04\/Logo_DrTimmel.png","width":250,"height":125,"caption":"Orthop\u00e4de 1030 Wien Dr. Gustav Timmel"},"image":{"@id":"https:\/\/www.sportortho-wien.at\/en\/#\/schema\/logo\/image\/"}}]}},"_links":{"self":[{"href":"https:\/\/www.sportortho-wien.at\/en\/wp-json\/wp\/v2\/pages\/6498","targetHints":{"allow":["GET"]}}],"collection":[{"href":"https:\/\/www.sportortho-wien.at\/en\/wp-json\/wp\/v2\/pages"}],"about":[{"href":"https:\/\/www.sportortho-wien.at\/en\/wp-json\/wp\/v2\/types\/page"}],"author":[{"embeddable":true,"href":"https:\/\/www.sportortho-wien.at\/en\/wp-json\/wp\/v2\/users\/1"}],"replies":[{"embeddable":true,"href":"https:\/\/www.sportortho-wien.at\/en\/wp-json\/wp\/v2\/comments?post=6498"}],"version-history":[{"count":1,"href":"https:\/\/www.sportortho-wien.at\/en\/wp-json\/wp\/v2\/pages\/6498\/revisions"}],"predecessor-version":[{"id":6499,"href":"https:\/\/www.sportortho-wien.at\/en\/wp-json\/wp\/v2\/pages\/6498\/revisions\/6499"}],"wp:attachment":[{"href":"https:\/\/www.sportortho-wien.at\/en\/wp-json\/wp\/v2\/media?parent=6498"}],"curies":[{"name":"wp","href":"https:\/\/api.w.org\/{rel}","templated":true}]}}