{"id":6514,"date":"2021-11-29T18:55:26","date_gmt":"2021-11-29T17:55:26","guid":{"rendered":"https:\/\/www.sportortho-wien.at\/snapping-finger\/"},"modified":"2025-04-03T11:10:03","modified_gmt":"2025-04-03T10:10:03","slug":"snapping-finger","status":"publish","type":"page","link":"https:\/\/www.sportortho-wien.at\/en\/snapping-finger\/","title":{"rendered":"Snapping finger"},"content":{"rendered":"\t\t<div data-elementor-type=\"wp-page\" data-elementor-id=\"6514\" class=\"elementor elementor-6514 elementor-3571\" data-elementor-post-type=\"page\">\n\t\t\t\t\t\t<section class=\"has_eae_slider elementor-section elementor-top-section elementor-element elementor-element-428fed8 elementor-section-boxed elementor-section-height-default elementor-section-height-default\" data-eae-slider=\"843\" data-id=\"428fed8\" data-element_type=\"section\" data-e-type=\"section\" data-settings=\"{&quot;background_background&quot;:&quot;classic&quot;}\">\n\t\t\t\t\t\t<div class=\"elementor-container elementor-column-gap-default\">\n\t\t\t\t\t<div class=\"has_eae_slider elementor-column elementor-col-100 elementor-top-column elementor-element elementor-element-4e94d81\" data-eae-slider=\"50355\" data-id=\"4e94d81\" data-element_type=\"column\" data-e-type=\"column\">\n\t\t\t<div class=\"elementor-widget-wrap elementor-element-populated\">\n\t\t\t\t\t\t<div class=\"elementor-element elementor-element-bb400b6 elementor-widget elementor-widget-spacer\" data-id=\"bb400b6\" data-element_type=\"widget\" data-e-type=\"widget\" data-widget_type=\"spacer.default\">\n\t\t\t\t\t\t\t<div class=\"elementor-spacer\">\n\t\t\t<div class=\"elementor-spacer-inner\"><\/div>\n\t\t<\/div>\n\t\t\t\t\t\t<\/div>\n\t\t\t\t\t<\/div>\n\t\t<\/div>\n\t\t\t\t\t<\/div>\n\t\t<\/section>\n\t\t\t\t<section class=\"has_eae_slider elementor-section elementor-top-section elementor-element elementor-element-f1e78a6 animated-slow elementor-section-boxed elementor-section-height-default elementor-section-height-default elementor-invisible\" data-eae-slider=\"29938\" data-id=\"f1e78a6\" data-element_type=\"section\" data-e-type=\"section\" data-settings=\"{&quot;animation&quot;:&quot;fadeInUp&quot;}\">\n\t\t\t\t\t\t<div class=\"elementor-container elementor-column-gap-default\">\n\t\t\t\t\t<div class=\"has_eae_slider elementor-column elementor-col-100 elementor-top-column elementor-element elementor-element-43b81dc\" data-eae-slider=\"70301\" data-id=\"43b81dc\" data-element_type=\"column\" data-e-type=\"column\">\n\t\t\t<div class=\"elementor-widget-wrap elementor-element-populated\">\n\t\t\t\t\t\t<div class=\"elementor-element elementor-element-1181fd4 elementor-widget elementor-widget-heading\" data-id=\"1181fd4\" data-element_type=\"widget\" data-e-type=\"widget\" data-widget_type=\"heading.default\">\n\t\t\t\t\t<h1 class=\"elementor-heading-title elementor-size-default\">Flying fingers<\/h1>\t\t\t\t<\/div>\n\t\t\t\t<div class=\"elementor-element elementor-element-aff4c3f elementor-widget elementor-widget-heading\" data-id=\"aff4c3f\" data-element_type=\"widget\" data-e-type=\"widget\" data-widget_type=\"heading.default\">\n\t\t\t\t\t<h3 class=\"elementor-heading-title elementor-size-default\">Conservative &amp; prosthetic care<\/h3>\t\t\t\t<\/div>\n\t\t\t\t<div class=\"elementor-element elementor-element-2039ab3 elementor-toc--minimized-on-tablet elementor-widget elementor-widget-global elementor-global-397 elementor-widget-table-of-contents\" data-id=\"2039ab3\" data-element_type=\"widget\" data-e-type=\"widget\" data-settings=\"{&quot;exclude_headings_by_selector&quot;:[],&quot;headings_by_tags&quot;:[&quot;h2&quot;,&quot;h3&quot;],&quot;marker_view&quot;:&quot;numbers&quot;,&quot;no_headings_message&quot;:&quot;No headings were found on this page.&quot;,&quot;minimize_box&quot;:&quot;yes&quot;,&quot;minimized_on&quot;:&quot;tablet&quot;,&quot;hierarchical_view&quot;:&quot;yes&quot;,&quot;min_height&quot;:{&quot;unit&quot;:&quot;px&quot;,&quot;size&quot;:&quot;&quot;,&quot;sizes&quot;:[]},&quot;min_height_tablet&quot;:{&quot;unit&quot;:&quot;px&quot;,&quot;size&quot;:&quot;&quot;,&quot;sizes&quot;:[]},&quot;min_height_mobile&quot;:{&quot;unit&quot;:&quot;px&quot;,&quot;size&quot;:&quot;&quot;,&quot;sizes&quot;:[]}}\" data-widget_type=\"table-of-contents.default\">\n\t\t\t\t\t\t\t\t\t<div class=\"elementor-toc__header\">\n\t\t\t\t\t\t<h4 class=\"elementor-toc__header-title\">\n\t\t\t\t\u00dcBERSICHT\t\t\t<\/h4>\n\t\t\t\t\t\t\t\t\t\t<div class=\"elementor-toc__toggle-button elementor-toc__toggle-button--expand\" role=\"button\" tabindex=\"0\" aria-controls=\"elementor-toc__2039ab3\" aria-expanded=\"true\" aria-label=\"Open table of contents\"><i aria-hidden=\"true\" class=\"fas fa-chevron-down\"><\/i><\/div>\n\t\t\t\t<div class=\"elementor-toc__toggle-button elementor-toc__toggle-button--collapse\" role=\"button\" tabindex=\"0\" aria-controls=\"elementor-toc__2039ab3\" aria-expanded=\"true\" aria-label=\"Close table of contents\"><i aria-hidden=\"true\" class=\"fas fa-chevron-up\"><\/i><\/div>\n\t\t\t\t\t<\/div>\n\t\t\t\t<div id=\"elementor-toc__2039ab3\" class=\"elementor-toc__body\">\n\t\t\t<div class=\"elementor-toc__spinner-container\">\n\t\t\t\t<i class=\"elementor-toc__spinner eicon-animation-spin eicon-loading\" aria-hidden=\"true\"><\/i>\t\t\t<\/div>\n\t\t<\/div>\n\t\t\t\t\t\t<\/div>\n\t\t\t\t\t<\/div>\n\t\t<\/div>\n\t\t\t\t\t<\/div>\n\t\t<\/section>\n\t\t\t\t<section class=\"has_eae_slider elementor-section elementor-top-section elementor-element elementor-element-8431afe animated-slow elementor-section-boxed elementor-section-height-default elementor-section-height-default elementor-invisible\" data-eae-slider=\"78704\" data-id=\"8431afe\" data-element_type=\"section\" data-e-type=\"section\" data-settings=\"{&quot;animation&quot;:&quot;fadeInUp&quot;}\">\n\t\t\t\t\t\t<div class=\"elementor-container elementor-column-gap-default\">\n\t\t\t\t\t<div class=\"has_eae_slider elementor-column elementor-col-100 elementor-top-column elementor-element elementor-element-fb55b0d\" data-eae-slider=\"74252\" data-id=\"fb55b0d\" data-element_type=\"column\" data-e-type=\"column\">\n\t\t\t<div class=\"elementor-widget-wrap elementor-element-populated\">\n\t\t\t\t\t\t<section class=\"has_eae_slider elementor-section elementor-inner-section elementor-element elementor-element-beacda7 elementor-section-boxed elementor-section-height-default elementor-section-height-default\" data-eae-slider=\"43624\" data-id=\"beacda7\" data-element_type=\"section\" data-e-type=\"section\">\n\t\t\t\t\t\t<div class=\"elementor-container elementor-column-gap-default\">\n\t\t\t\t\t<div class=\"has_eae_slider elementor-column elementor-col-50 elementor-inner-column elementor-element elementor-element-5c2d86c\" data-eae-slider=\"86024\" data-id=\"5c2d86c\" data-element_type=\"column\" data-e-type=\"column\">\n\t\t\t<div class=\"elementor-widget-wrap elementor-element-populated\">\n\t\t\t\t\t\t<div class=\"elementor-element elementor-element-a7db48f elementor-widget elementor-widget-heading\" data-id=\"a7db48f\" data-element_type=\"widget\" data-e-type=\"widget\" data-widget_type=\"heading.default\">\n\t\t\t\t\t<h2 class=\"elementor-heading-title elementor-size-default\">What is a snapping finger?<\/h2>\t\t\t\t<\/div>\n\t\t\t\t<div class=\"elementor-element elementor-element-1af26ae elementor-widget elementor-widget-text-editor\" data-id=\"1af26ae\" data-element_type=\"widget\" data-e-type=\"widget\" data-widget_type=\"text-editor.default\">\n\t\t\t\t\t\t\t\t\t<p>Trigger<strong>finger<\/strong> is caused by <strong>inflammation of the tendon sheath or the gliding canal<\/strong>. The glide channel runs from the palm to the fingertips. In this channel, the flexor tendons are fixed to the fingers with the so-called ring ligaments so that they do not sag when tensed, but can build up their optimum strength.<\/p><p>The <strong>gliding tissue<\/strong> surrounding the tendons <strong>&#8211;<\/strong> or the tendon itself &#8211; can become inflamed and subsequently <strong>thicken<\/strong> as a result of overloading. The thickening creates <strong>a constriction in the narrow canal<\/strong>, which sometimes has to be overcome with considerable effort. The finger is then bent normally until it is tight and <strong>then gets stuck in the movement<\/strong>. Only with additional effort &#8211; active or passive &#8211; can the tightness be overcome and <strong>the finger snaps into full extension<\/strong>.<\/p>\t\t\t\t\t\t\t\t<\/div>\n\t\t\t\t\t<\/div>\n\t\t<\/div>\n\t\t\t\t<div class=\"has_eae_slider elementor-column elementor-col-50 elementor-inner-column elementor-element elementor-element-e48b76a\" data-eae-slider=\"52731\" data-id=\"e48b76a\" data-element_type=\"column\" data-e-type=\"column\">\n\t\t\t<div class=\"elementor-widget-wrap elementor-element-populated\">\n\t\t\t\t\t\t<div class=\"elementor-element elementor-element-db23f2a elementor-widget elementor-widget-image\" data-id=\"db23f2a\" data-element_type=\"widget\" data-e-type=\"widget\" data-widget_type=\"image.default\">\n\t\t\t\t\t\t\t\t\t\t\t\t\t\t\t<img fetchpriority=\"high\" decoding=\"async\" width=\"1700\" height=\"1080\" src=\"https:\/\/www.sportortho-wien.at\/wp-content\/uploads\/2021\/11\/schnellender-finger-e1741958682213.png\" class=\"attachment-full size-full wp-image-6366\" alt=\"\" srcset=\"https:\/\/www.sportortho-wien.at\/wp-content\/uploads\/2021\/11\/schnellender-finger-e1741958682213.png 1700w, https:\/\/www.sportortho-wien.at\/wp-content\/uploads\/2021\/11\/schnellender-finger-e1741958682213-300x191.png 300w, https:\/\/www.sportortho-wien.at\/wp-content\/uploads\/2021\/11\/schnellender-finger-e1741958682213-1024x651.png 1024w, https:\/\/www.sportortho-wien.at\/wp-content\/uploads\/2021\/11\/schnellender-finger-e1741958682213-768x488.png 768w, https:\/\/www.sportortho-wien.at\/wp-content\/uploads\/2021\/11\/schnellender-finger-e1741958682213-1536x976.png 1536w\" sizes=\"(max-width: 1700px) 100vw, 1700px\" \/>\t\t\t\t\t\t\t\t\t\t\t\t\t\t\t<\/div>\n\t\t\t\t\t<\/div>\n\t\t<\/div>\n\t\t\t\t\t<\/div>\n\t\t<\/section>\n\t\t\t\t\t<\/div>\n\t\t<\/div>\n\t\t\t\t\t<\/div>\n\t\t<\/section>\n\t\t\t\t<section class=\"has_eae_slider elementor-section elementor-top-section elementor-element elementor-element-7375860 animated-slow elementor-section-boxed elementor-section-height-default elementor-section-height-default elementor-invisible\" data-eae-slider=\"88193\" data-id=\"7375860\" data-element_type=\"section\" data-e-type=\"section\" data-settings=\"{&quot;animation&quot;:&quot;fadeInUp&quot;}\">\n\t\t\t\t\t\t<div class=\"elementor-container elementor-column-gap-default\">\n\t\t\t\t\t<div class=\"has_eae_slider elementor-column elementor-col-100 elementor-top-column elementor-element elementor-element-ff92cc3\" data-eae-slider=\"37181\" data-id=\"ff92cc3\" data-element_type=\"column\" data-e-type=\"column\">\n\t\t\t<div class=\"elementor-widget-wrap elementor-element-populated\">\n\t\t\t\t\t\t<div class=\"elementor-element elementor-element-1b70ba4 elementor-widget elementor-widget-heading\" data-id=\"1b70ba4\" data-element_type=\"widget\" data-e-type=\"widget\" data-widget_type=\"heading.default\">\n\t\t\t\t\t<h2 class=\"elementor-heading-title elementor-size-default\">How do I recognize a snapping finger?<\/h2>\t\t\t\t<\/div>\n\t\t\t\t<div class=\"elementor-element elementor-element-d6f8f66 elementor-widget elementor-widget-text-editor\" data-id=\"d6f8f66\" data-element_type=\"widget\" data-e-type=\"widget\" data-widget_type=\"text-editor.default\">\n\t\t\t\t\t\t\t\t\t<p>In the early stages, all you feel is a <strong>painful pulling sensation<\/strong>. In the further course, the non-friction-free, <strong>bumpy movement<\/strong> is <strong>very typical<\/strong>. <strong>The snapping of the finger<\/strong> into extension shows the full picture of the fast finger.<\/p>\t\t\t\t\t\t\t\t<\/div>\n\t\t\t\t\t<\/div>\n\t\t<\/div>\n\t\t\t\t\t<\/div>\n\t\t<\/section>\n\t\t\t\t<section class=\"has_eae_slider elementor-section elementor-top-section elementor-element elementor-element-3351200 animated-slow elementor-section-boxed elementor-section-height-default elementor-section-height-default elementor-invisible\" data-eae-slider=\"45673\" data-id=\"3351200\" data-element_type=\"section\" data-e-type=\"section\" data-settings=\"{&quot;animation&quot;:&quot;fadeInUp&quot;}\">\n\t\t\t\t\t\t<div class=\"elementor-container elementor-column-gap-default\">\n\t\t\t\t\t<div class=\"has_eae_slider elementor-column elementor-col-100 elementor-top-column elementor-element elementor-element-bd00b1c\" data-eae-slider=\"3625\" data-id=\"bd00b1c\" data-element_type=\"column\" data-e-type=\"column\">\n\t\t\t<div class=\"elementor-widget-wrap elementor-element-populated\">\n\t\t\t\t\t\t<div class=\"elementor-element elementor-element-ab8fa50 elementor-widget elementor-widget-heading\" data-id=\"ab8fa50\" data-element_type=\"widget\" data-e-type=\"widget\" data-widget_type=\"heading.default\">\n\t\t\t\t\t<h2 class=\"elementor-heading-title elementor-size-default\">How is a snapping finger treated?<\/h2>\t\t\t\t<\/div>\n\t\t\t\t<div class=\"elementor-element elementor-element-6db6a28 elementor-widget elementor-widget-text-editor\" data-id=\"6db6a28\" data-element_type=\"widget\" data-e-type=\"widget\" data-widget_type=\"text-editor.default\">\n\t\t\t\t\t\t\t\t\t<p>The aim of conservative <strong>treatment<\/strong> is to eliminate the <strong>inflammatory changes<\/strong> in the tendon gliding tissue. This can be done by applying an <strong>anti-inflammatory ointment <\/strong>locally <strong>, <\/strong>by <strong>taking medication<\/strong> or by<strong> injecting cortisone<\/strong>.<\/p><p>If conservative therapy does not lead to the desired success, the only remaining option is surgery.<\/p>\t\t\t\t\t\t\t\t<\/div>\n\t\t\t\t\t<\/div>\n\t\t<\/div>\n\t\t\t\t\t<\/div>\n\t\t<\/section>\n\t\t\t\t<section class=\"has_eae_slider elementor-section elementor-top-section elementor-element elementor-element-4ec8385 animated-slow elementor-section-boxed elementor-section-height-default elementor-section-height-default elementor-invisible\" data-eae-slider=\"95654\" data-id=\"4ec8385\" data-element_type=\"section\" data-e-type=\"section\" data-settings=\"{&quot;animation&quot;:&quot;fadeInUp&quot;}\">\n\t\t\t\t\t\t<div class=\"elementor-container elementor-column-gap-default\">\n\t\t\t\t\t<div class=\"has_eae_slider elementor-column elementor-col-100 elementor-top-column elementor-element elementor-element-0218c84\" data-eae-slider=\"70799\" data-id=\"0218c84\" data-element_type=\"column\" data-e-type=\"column\">\n\t\t\t<div class=\"elementor-widget-wrap elementor-element-populated\">\n\t\t\t\t\t\t<div class=\"elementor-element elementor-element-4e2ba36 elementor-widget elementor-widget-global elementor-global-3584 elementor-widget-heading\" data-id=\"4e2ba36\" data-element_type=\"widget\" data-e-type=\"widget\" data-widget_type=\"heading.default\">\n\t\t\t\t\t<h2 class=\"elementor-heading-title elementor-size-default\">Wie wird ein Schnellender Finger operiert?<\/h2>\t\t\t\t<\/div>\n\t\t\t\t<div class=\"elementor-element elementor-element-9b23e69 elementor-widget elementor-widget-text-editor\" data-id=\"9b23e69\" data-element_type=\"widget\" data-e-type=\"widget\" data-widget_type=\"text-editor.default\">\n\t\t\t\t\t\t\t\t\t<p>The procedure can usually be performed <strong>under local anesthesia<\/strong>. The inflammatory tissue is removed through an approx. <strong>1.5 cm incision<\/strong> in the palm and the <strong>annular ligament<\/strong>, through which the thickened tendon wants to slide, is <strong>split<\/strong>. During the operation, the patient can already move the finger normally again without getting stuck.<\/p>\t\t\t\t\t\t\t\t<\/div>\n\t\t\t\t\t<\/div>\n\t\t<\/div>\n\t\t\t\t\t<\/div>\n\t\t<\/section>\n\t\t\t\t<\/div>\n\t\t","protected":false},"excerpt":{"rendered":"<p>Flying fingers Conservative &amp; prosthetic care \u00dcBERSICHT What is a snapping finger? Triggerfinger is caused by inflammation of the tendon sheath or the gliding canal. The glide channel runs from the palm to the fingertips. In this channel, the flexor tendons are fixed to the fingers with the so-called ring ligaments so that they do&hellip;&nbsp;<a href=\"https:\/\/www.sportortho-wien.at\/en\/snapping-finger\/\" rel=\"bookmark\">Read More &raquo;<span class=\"screen-reader-text\">Snapping finger<\/span><\/a><\/p>\n","protected":false},"author":2,"featured_media":0,"parent":0,"menu_order":0,"comment_status":"closed","ping_status":"closed","template":"page-templates\/template-pagebuilder-full-width.php","meta":{"neve_meta_sidebar":"full-width","neve_meta_container":"","neve_meta_enable_content_width":"on","neve_meta_content_width":100,"neve_meta_title_alignment":"","neve_meta_author_avatar":"","neve_post_elements_order":"","neve_meta_disable_header":"","neve_meta_disable_footer":"","neve_meta_disable_title":"","neve_meta_reading_time":"","footnotes":""},"class_list":["post-6514","page","type-page","status-publish","hentry"],"yoast_head":"<!-- This site is optimized with the Yoast SEO plugin v27.5 - https:\/\/yoast.com\/product\/yoast-seo-wordpress\/ -->\n<title>Schnellende Finder - Treatment Vienna | Dr. Gustav Timmel<\/title>\n<meta name=\"description\" content=\"Trigger finger is caused by inflammation of the tendon sheath or the gliding canal.\" \/>\n<meta name=\"robots\" content=\"index, follow, max-snippet:-1, max-image-preview:large, max-video-preview:-1\" \/>\n<link rel=\"canonical\" href=\"https:\/\/www.sportortho-wien.at\/en\/snapping-finger\/\" \/>\n<meta property=\"og:locale\" content=\"en_US\" \/>\n<meta property=\"og:type\" content=\"article\" \/>\n<meta property=\"og:title\" content=\"Schnellende Finder - Treatment Vienna | Dr. Gustav Timmel\" \/>\n<meta property=\"og:description\" content=\"Trigger finger is caused by inflammation of the tendon sheath or the gliding canal.\" \/>\n<meta property=\"og:url\" content=\"https:\/\/www.sportortho-wien.at\/en\/snapping-finger\/\" \/>\n<meta property=\"og:site_name\" content=\"Orthop\u00e4de 1030 Wien Dr. Gustav Timmel\" \/>\n<meta property=\"article:modified_time\" content=\"2025-04-03T10:10:03+00:00\" \/>\n<meta property=\"og:image\" content=\"https:\/\/www.sportortho-wien.at\/wp-content\/uploads\/2021\/11\/schnellender-finger-e1741958682213.png\" \/>\n\t<meta property=\"og:image:width\" content=\"1700\" \/>\n\t<meta property=\"og:image:height\" content=\"1080\" \/>\n\t<meta property=\"og:image:type\" content=\"image\/png\" \/>\n<meta name=\"twitter:card\" content=\"summary_large_image\" \/>\n<meta name=\"twitter:label1\" content=\"Est. reading time\" \/>\n\t<meta name=\"twitter:data1\" content=\"2 minutes\" \/>\n<script type=\"application\/ld+json\" class=\"yoast-schema-graph\">{\"@context\":\"https:\\\/\\\/schema.org\",\"@graph\":[{\"@type\":\"WebPage\",\"@id\":\"https:\\\/\\\/www.sportortho-wien.at\\\/en\\\/snapping-finger\\\/\",\"url\":\"https:\\\/\\\/www.sportortho-wien.at\\\/en\\\/snapping-finger\\\/\",\"name\":\"Schnellende Finder - Treatment Vienna | Dr. Gustav Timmel\",\"isPartOf\":{\"@id\":\"https:\\\/\\\/www.sportortho-wien.at\\\/en\\\/#website\"},\"primaryImageOfPage\":{\"@id\":\"https:\\\/\\\/www.sportortho-wien.at\\\/en\\\/snapping-finger\\\/#primaryimage\"},\"image\":{\"@id\":\"https:\\\/\\\/www.sportortho-wien.at\\\/en\\\/snapping-finger\\\/#primaryimage\"},\"thumbnailUrl\":\"https:\\\/\\\/www.sportortho-wien.at\\\/wp-content\\\/uploads\\\/2021\\\/11\\\/schnellender-finger-e1741958682213.png\",\"datePublished\":\"2021-11-29T17:55:26+00:00\",\"dateModified\":\"2025-04-03T10:10:03+00:00\",\"description\":\"Trigger finger is caused by inflammation of the tendon sheath or the gliding canal.\",\"breadcrumb\":{\"@id\":\"https:\\\/\\\/www.sportortho-wien.at\\\/en\\\/snapping-finger\\\/#breadcrumb\"},\"inLanguage\":\"en-US\",\"potentialAction\":[{\"@type\":\"ReadAction\",\"target\":[\"https:\\\/\\\/www.sportortho-wien.at\\\/en\\\/snapping-finger\\\/\"]}]},{\"@type\":\"ImageObject\",\"inLanguage\":\"en-US\",\"@id\":\"https:\\\/\\\/www.sportortho-wien.at\\\/en\\\/snapping-finger\\\/#primaryimage\",\"url\":\"https:\\\/\\\/www.sportortho-wien.at\\\/wp-content\\\/uploads\\\/2021\\\/11\\\/schnellender-finger-e1741958682213.png\",\"contentUrl\":\"https:\\\/\\\/www.sportortho-wien.at\\\/wp-content\\\/uploads\\\/2021\\\/11\\\/schnellender-finger-e1741958682213.png\"},{\"@type\":\"BreadcrumbList\",\"@id\":\"https:\\\/\\\/www.sportortho-wien.at\\\/en\\\/snapping-finger\\\/#breadcrumb\",\"itemListElement\":[{\"@type\":\"ListItem\",\"position\":1,\"name\":\"Home\",\"item\":\"https:\\\/\\\/www.sportortho-wien.at\\\/en\\\/home\\\/\"},{\"@type\":\"ListItem\",\"position\":2,\"name\":\"Snapping finger\"}]},{\"@type\":\"WebSite\",\"@id\":\"https:\\\/\\\/www.sportortho-wien.at\\\/en\\\/#website\",\"url\":\"https:\\\/\\\/www.sportortho-wien.at\\\/en\\\/\",\"name\":\"Orthop\u00e4de 1030 Wien Dr. Gustav Timmel\",\"description\":\"Facharzt f\u00fcr Orthop\u00e4die und Traumatologie\",\"publisher\":{\"@id\":\"https:\\\/\\\/www.sportortho-wien.at\\\/en\\\/#organization\"},\"potentialAction\":[{\"@type\":\"SearchAction\",\"target\":{\"@type\":\"EntryPoint\",\"urlTemplate\":\"https:\\\/\\\/www.sportortho-wien.at\\\/en\\\/?s={search_term_string}\"},\"query-input\":{\"@type\":\"PropertyValueSpecification\",\"valueRequired\":true,\"valueName\":\"search_term_string\"}}],\"inLanguage\":\"en-US\"},{\"@type\":\"Organization\",\"@id\":\"https:\\\/\\\/www.sportortho-wien.at\\\/en\\\/#organization\",\"name\":\"Orthop\u00e4de 1030 Wien Dr. Gustav Timmel\",\"url\":\"https:\\\/\\\/www.sportortho-wien.at\\\/en\\\/\",\"logo\":{\"@type\":\"ImageObject\",\"inLanguage\":\"en-US\",\"@id\":\"https:\\\/\\\/www.sportortho-wien.at\\\/en\\\/#\\\/schema\\\/logo\\\/image\\\/\",\"url\":\"https:\\\/\\\/sportortho-wien.at\\\/wp-content\\\/uploads\\\/2021\\\/04\\\/Logo_DrTimmel.png\",\"contentUrl\":\"https:\\\/\\\/sportortho-wien.at\\\/wp-content\\\/uploads\\\/2021\\\/04\\\/Logo_DrTimmel.png\",\"width\":250,\"height\":125,\"caption\":\"Orthop\u00e4de 1030 Wien Dr. Gustav Timmel\"},\"image\":{\"@id\":\"https:\\\/\\\/www.sportortho-wien.at\\\/en\\\/#\\\/schema\\\/logo\\\/image\\\/\"}}]}<\/script>\n<!-- \/ Yoast SEO plugin. -->","yoast_head_json":{"title":"Schnellende Finder - Treatment Vienna | Dr. Gustav Timmel","description":"Trigger finger is caused by inflammation of the tendon sheath or the gliding canal.","robots":{"index":"index","follow":"follow","max-snippet":"max-snippet:-1","max-image-preview":"max-image-preview:large","max-video-preview":"max-video-preview:-1"},"canonical":"https:\/\/www.sportortho-wien.at\/en\/snapping-finger\/","og_locale":"en_US","og_type":"article","og_title":"Schnellende Finder - Treatment Vienna | Dr. Gustav Timmel","og_description":"Trigger finger is caused by inflammation of the tendon sheath or the gliding canal.","og_url":"https:\/\/www.sportortho-wien.at\/en\/snapping-finger\/","og_site_name":"Orthop\u00e4de 1030 Wien Dr. Gustav Timmel","article_modified_time":"2025-04-03T10:10:03+00:00","og_image":[{"width":1700,"height":1080,"url":"https:\/\/www.sportortho-wien.at\/wp-content\/uploads\/2021\/11\/schnellender-finger-e1741958682213.png","type":"image\/png"}],"twitter_card":"summary_large_image","twitter_misc":{"Est. reading time":"2 minutes"},"schema":{"@context":"https:\/\/schema.org","@graph":[{"@type":"WebPage","@id":"https:\/\/www.sportortho-wien.at\/en\/snapping-finger\/","url":"https:\/\/www.sportortho-wien.at\/en\/snapping-finger\/","name":"Schnellende Finder - Treatment Vienna | Dr. Gustav Timmel","isPartOf":{"@id":"https:\/\/www.sportortho-wien.at\/en\/#website"},"primaryImageOfPage":{"@id":"https:\/\/www.sportortho-wien.at\/en\/snapping-finger\/#primaryimage"},"image":{"@id":"https:\/\/www.sportortho-wien.at\/en\/snapping-finger\/#primaryimage"},"thumbnailUrl":"https:\/\/www.sportortho-wien.at\/wp-content\/uploads\/2021\/11\/schnellender-finger-e1741958682213.png","datePublished":"2021-11-29T17:55:26+00:00","dateModified":"2025-04-03T10:10:03+00:00","description":"Trigger finger is caused by inflammation of the tendon sheath or the gliding canal.","breadcrumb":{"@id":"https:\/\/www.sportortho-wien.at\/en\/snapping-finger\/#breadcrumb"},"inLanguage":"en-US","potentialAction":[{"@type":"ReadAction","target":["https:\/\/www.sportortho-wien.at\/en\/snapping-finger\/"]}]},{"@type":"ImageObject","inLanguage":"en-US","@id":"https:\/\/www.sportortho-wien.at\/en\/snapping-finger\/#primaryimage","url":"https:\/\/www.sportortho-wien.at\/wp-content\/uploads\/2021\/11\/schnellender-finger-e1741958682213.png","contentUrl":"https:\/\/www.sportortho-wien.at\/wp-content\/uploads\/2021\/11\/schnellender-finger-e1741958682213.png"},{"@type":"BreadcrumbList","@id":"https:\/\/www.sportortho-wien.at\/en\/snapping-finger\/#breadcrumb","itemListElement":[{"@type":"ListItem","position":1,"name":"Home","item":"https:\/\/www.sportortho-wien.at\/en\/home\/"},{"@type":"ListItem","position":2,"name":"Snapping finger"}]},{"@type":"WebSite","@id":"https:\/\/www.sportortho-wien.at\/en\/#website","url":"https:\/\/www.sportortho-wien.at\/en\/","name":"Orthop\u00e4de 1030 Wien Dr. Gustav Timmel","description":"Facharzt f\u00fcr Orthop\u00e4die und Traumatologie","publisher":{"@id":"https:\/\/www.sportortho-wien.at\/en\/#organization"},"potentialAction":[{"@type":"SearchAction","target":{"@type":"EntryPoint","urlTemplate":"https:\/\/www.sportortho-wien.at\/en\/?s={search_term_string}"},"query-input":{"@type":"PropertyValueSpecification","valueRequired":true,"valueName":"search_term_string"}}],"inLanguage":"en-US"},{"@type":"Organization","@id":"https:\/\/www.sportortho-wien.at\/en\/#organization","name":"Orthop\u00e4de 1030 Wien Dr. Gustav Timmel","url":"https:\/\/www.sportortho-wien.at\/en\/","logo":{"@type":"ImageObject","inLanguage":"en-US","@id":"https:\/\/www.sportortho-wien.at\/en\/#\/schema\/logo\/image\/","url":"https:\/\/sportortho-wien.at\/wp-content\/uploads\/2021\/04\/Logo_DrTimmel.png","contentUrl":"https:\/\/sportortho-wien.at\/wp-content\/uploads\/2021\/04\/Logo_DrTimmel.png","width":250,"height":125,"caption":"Orthop\u00e4de 1030 Wien Dr. Gustav Timmel"},"image":{"@id":"https:\/\/www.sportortho-wien.at\/en\/#\/schema\/logo\/image\/"}}]}},"_links":{"self":[{"href":"https:\/\/www.sportortho-wien.at\/en\/wp-json\/wp\/v2\/pages\/6514","targetHints":{"allow":["GET"]}}],"collection":[{"href":"https:\/\/www.sportortho-wien.at\/en\/wp-json\/wp\/v2\/pages"}],"about":[{"href":"https:\/\/www.sportortho-wien.at\/en\/wp-json\/wp\/v2\/types\/page"}],"author":[{"embeddable":true,"href":"https:\/\/www.sportortho-wien.at\/en\/wp-json\/wp\/v2\/users\/2"}],"replies":[{"embeddable":true,"href":"https:\/\/www.sportortho-wien.at\/en\/wp-json\/wp\/v2\/comments?post=6514"}],"version-history":[{"count":1,"href":"https:\/\/www.sportortho-wien.at\/en\/wp-json\/wp\/v2\/pages\/6514\/revisions"}],"predecessor-version":[{"id":6516,"href":"https:\/\/www.sportortho-wien.at\/en\/wp-json\/wp\/v2\/pages\/6514\/revisions\/6516"}],"wp:attachment":[{"href":"https:\/\/www.sportortho-wien.at\/en\/wp-json\/wp\/v2\/media?parent=6514"}],"curies":[{"name":"wp","href":"https:\/\/api.w.org\/{rel}","templated":true}]}}